{"id":318,"date":"2014-07-09T21:26:25","date_gmt":"2014-07-09T20:26:25","guid":{"rendered":"http:\/\/www.buergerliste-goldkronach.de\/wordpress\/?page_id=318"},"modified":"2025-12-07T21:49:49","modified_gmt":"2025-12-07T20:49:49","slug":"stadtrate","status":"publish","type":"page","link":"https:\/\/www.buergerliste-goldkronach.de\/wordpress\/?page_id=318","title":{"rendered":"Stadtr\u00e4te"},"content":{"rendered":"\n<h4 class=\"wp-block-heading\">Bei der Kommunalwahl 2020 haben Sie uns mit 22,7% ausgestattet. Vier engagierte Stadtr\u00e4te setzen sich f\u00fcr Sie ein.<\/h4>\n\n\n\n<h4 class=\"wp-block-heading has-text-align-center\">Friedrich N\u00fcssel<\/h4>\n\n\n<div class=\"wp-block-image\">\n<figure class=\"aligncenter size-large\"><img loading=\"lazy\" decoding=\"async\" width=\"180\" height=\"240\" src=\"https:\/\/www.buergerliste-goldkronach.de\/wordpress\/wp-content\/uploads\/2020\/02\/UBL_180px_02_Nuessel.jpg\" alt=\"\" class=\"wp-image-1065\"\/><\/figure>\n<\/div>\n\n\n<p class=\"has-text-align-center\"><em>66 Jahre, Neuroradiologe und Neurologe, Goldkronach<\/em><\/p>\n\n\n\n<p><strong>Fraktionsvorsitzender; Jugend-, Senioren-, Hauptverwaltungs- und Ferienausschuss; Bau- und Umweltausschuss (Vertretung); Stadtrat seit 2008<\/strong><\/p>\n\n\n\n<p>Dr. Friedrich N\u00fcssel ist Vater von zwei S\u00f6hnen und widmet sich in seiner Freizeit vor allem seinem landwirtschaftlichen Betrieb und der Pferdezucht. Jahrelang betreute er bei der JFG Fichtelgebirge Jugendmannschaften als Trainer. Seit 2008 geh\u00f6rt Friedrich N\u00fcssel f\u00fcr die Unabh\u00e4ngige B\u00fcrgerliste dem Goldkronacher Stadtrat an.<\/p>\n\n\n\n<h4 class=\"wp-block-heading has-text-align-center\">Michael Hofmann<\/h4>\n\n\n<div class=\"wp-block-image\">\n<figure class=\"aligncenter size-large\"><img loading=\"lazy\" decoding=\"async\" width=\"180\" height=\"240\" src=\"https:\/\/www.buergerliste-goldkronach.de\/wordpress\/wp-content\/uploads\/2020\/01\/UBL_180px_03_Hofmann_DSC_0063.jpg\" alt=\"\" class=\"wp-image-910\"\/><\/figure>\n<\/div>\n\n\n<p class=\"has-text-align-center\"><em>62 Jahre, Physikingenieur, Goldkronach<\/em><\/p>\n\n\n\n<p><strong>Stv. Fraktionsvorsitzender; Rechnungspr\u00fcfungsausschuss; Bau- und Umweltausschuss (Vertretung); Jugend-, Senioren-, Hauptverwaltungs- und Ferienausschuss (Vertretung); Stadtrat seit 2014<\/strong><\/p>\n\n\n\n<p>Michael Hofmann, verheiratet, zwei S\u00f6hne und Gesch\u00e4ftsf\u00fchrer einer Ingenieurgesellschaft, war langj\u00e4hriger Vorsitzender der Freiwilligen Feuerwehr Goldkronach. In seiner Freizeit widmet er sich der Musik und unternimmt gerne Fahrradtouren ins Fichtelgebirge. Michael Hofmann ist seit 2014 Stadtrat f\u00fcr die Unabh\u00e4ngige B\u00fcrgerliste und koordiniert die Arbeit der UBL.<\/p>\n\n\n\n<h4 class=\"wp-block-heading has-text-align-center\">Stefan Retsch<\/h4>\n\n\n<div class=\"wp-block-image\">\n<figure class=\"aligncenter size-large\"><img loading=\"lazy\" decoding=\"async\" width=\"180\" height=\"240\" src=\"https:\/\/www.buergerliste-goldkronach.de\/wordpress\/wp-content\/uploads\/2020\/01\/ABL_08_180px_Retsch_Stefan_DSC0029.jpg\" alt=\"\" class=\"wp-image-1018\"\/><\/figure>\n<\/div>\n\n\n<p class=\"has-text-align-center\"><em>48 Jahre, Bagger- und Fuhrunternehmer, Nemmersdorf<\/em><\/p>\n\n\n\n<p><strong>Bau- und Umweltausschuss; Jugend-, Senioren-, Hauptverwaltungs- und Ferienausschuss; Rechnungspr\u00fcfungsausschuss (Vertretung); Stadtrat seit 2020<\/strong><\/p>\n\n\n\n<p>Stefan Retsch ist Fachmann bei Bauprojekten und kennt die Situation  in der Gemeinde. Er m\u00f6chte die wichtigen Aufgaben angehen: Stra\u00dfen,  Wasser, Kanal. Eine vorausschauende Baupolitik ist ihm wichtig. In  seinem Heimatort Nemmersdorf geh\u00f6rt er Feuerwehr und ASV an.<\/p>\n\n\n\n<h4 class=\"wp-block-heading has-text-align-center\">Christian Wunderlich<\/h4>\n\n\n<div class=\"wp-block-image\">\n<figure class=\"aligncenter size-full\"><img loading=\"lazy\" decoding=\"async\" width=\"180\" height=\"240\" src=\"https:\/\/www.buergerliste-goldkronach.de\/wordpress\/wp-content\/uploads\/2020\/01\/UBL_180px_07_Wunderlich_DSC_0042.jpg\" alt=\"\" class=\"wp-image-891\"\/><\/figure>\n<\/div>\n\n\n<p class=\"has-text-align-center\"><em>31 Jahre, Landwirtschaftsmeister, Leisau<\/em><\/p>\n\n\n\n<p><strong>Stadtrat seit 2025<\/strong><\/p>\n\n\n\n<p>Besondere Anliegen des jungen Familienvaters sind die Belebung des Goldkronacher Stadtkerns und das Zusammenwachsen der einzelnen Ortsteile. Mit dem Hof seiner Familie in Leisau steht er f\u00fcr eine nachhaltige, b\u00e4uerliche Landwirtschaft ein, die verantwortungsvoll mit Natur und Tier umgeht. Christian Wunderlich ist stellvertretender Vorsitzender des Rings junger Landwirte.<\/p>\n\n\n\n<h2 class=\"wp-block-heading has-text-align-center has-secondary-color has-text-color\">Ehemalige Mandatstr\u00e4ger<\/h2>\n\n\n\n<h5 class=\"wp-block-heading has-text-align-center has-secondary-color has-text-color\">G\u00fcnter Exner (B\u00fcrgermeister 2008-2014) <\/h5>\n\n\n<div class=\"wp-block-image\">\n<figure class=\"aligncenter size-large\"><img loading=\"lazy\" decoding=\"async\" width=\"180\" height=\"240\" src=\"https:\/\/www.buergerliste-goldkronach.de\/wordpress\/wp-content\/uploads\/2020\/06\/exner240x180.jpg\" alt=\"G\u00fcnter Exner (2008), B\u00fcrgermeister von Goldkronach\" class=\"wp-image-1177\"\/><\/figure>\n<\/div>\n\n\n<p class=\"has-secondary-color has-text-color\">G\u00fcnter Exner ist geb\u00fcrtiger Goldkronacher und bekleidete F\u00fchrungspositionen bei verschiedenen internationalen Unternehmen. Der Finanzfachmann wurde 2008, als die UBL erstmals zur Wahl antrat, ins B\u00fcrgermeisteramt gew\u00e4hlt. In den sechs Jahren seiner Amtszeit gelang es ihm, trotz der 2009 beginnenden Wirtschaftskrise Goldkronachs Pro-Kopf-Verschuldung um 35% zu senken und dennoch zukunftsweisende Projekte auf den Weg zu bringen \u2013 so etwa die auf seine Initiative hin mit mehr Pl\u00e4tzen ausgestattete Kita. Unter seine \u00c4gide fallen auch Veranstaltungen wie &#8222;Goldkronach leuchtet&#8220;, die Einrichtung der Goldberg-Loipe oder die Verbesserung der DSL-Versorgung Goldkronachs.<\/p>\n\n\n\n<h5 class=\"wp-block-heading has-text-align-center has-secondary-color has-text-color has-link-color wp-elements-8ca714fb05104eb70e9384b66d268c0b\">Manfred Hautsch (Stadtrat 2014-2024)<\/h5>\n\n\n<div class=\"wp-block-image\">\n<figure class=\"aligncenter size-large\"><img loading=\"lazy\" decoding=\"async\" width=\"180\" height=\"240\" src=\"https:\/\/www.buergerliste-goldkronach.de\/wordpress\/wp-content\/uploads\/2020\/01\/UBL_180px_01_Hautsch.jpg\" alt=\"\" class=\"wp-image-929\"\/><\/figure>\n<\/div>\n\n\n<p class=\"has-text-align-left has-secondary-color has-text-color has-link-color wp-elements-bac76a334bf732dfb222d560767274fa\">Manfred Hautsch, verheiratet, ein Sohn, war viele Jahre Vorsitzender der SpVgg Goldkronach, einer der V\u00e4ter der JFG und des Fichtelgebirge. Dem Polizeihauptkommissar war deshalb die Zusammenarbeit von Stadt und Vereinen stets ein besonderes Anliegen. Die B\u00fcrgerinnen und B\u00fcrger sollten am Geschehen im Rathaus teilhaben. Manfred Hautsch war Sportbeauftragter der Stadt Goldkronach, Mitglied des Bau- und Umweltausschusses und vertretendes Mitglied im Jugend-, Senioren- und Hauptverwaltungsausschuss. 2020 trat er als B\u00fcrgermeisterkandidat an. 2024 ist Manfred Hautsch nach schwerer Krankheit verstorben.<\/p>\n\n\n\n<h5 class=\"wp-block-heading has-text-align-center has-secondary-color has-text-color\">Frank-Ekkehard Kr\u00f6ber (Stadtrat 2008-2020)<\/h5>\n\n\n<div class=\"wp-block-image\">\n<figure class=\"aligncenter size-large\"><img loading=\"lazy\" decoding=\"async\" width=\"180\" height=\"240\" src=\"https:\/\/www.buergerliste-goldkronach.de\/wordpress\/wp-content\/uploads\/2020\/01\/UBL_180px_10_Kroeber_DSC_0011.jpg\" alt=\"\" class=\"wp-image-908\"\/><\/figure>\n<\/div>\n\n\n<p class=\"has-secondary-color has-text-color\">Aufgewachsen in Bad Berneck und Bindlach ist Frank-Ekkehard Kr\u00f6ber seit 1974 Hausarzt in Goldkronach. Er ist verheiratet (zwei Kinder), passionierter J\u00e4ger und bei der Bergwacht aktiv. Daneben z\u00e4hlt die Musik zu seinen Hobbys. Seit der Kommunalwahl 2008 ist Kr\u00f6ber Mitglied des Stadtrates und Seniorenbeauftragter der Stadt Goldkronach. Im Rathaus geh\u00f6rte er in den sechs Jahren seit seiner ersten Wahl auch dem Bau- und dem Finanzausschuss an. In jedem Jahr organisiert er den Tagesausflug der UBL f\u00fcr Senioren zu wechselnden Zielen in der Region. <\/p>\n\n\n\n<h5 class=\"wp-block-heading has-text-align-center has-secondary-color has-text-color\">Jochen Pausch (Stadtrat 2014-2020)<\/h5>\n\n\n<div class=\"wp-block-image\">\n<figure class=\"aligncenter size-large\"><img loading=\"lazy\" decoding=\"async\" width=\"180\" height=\"240\" src=\"https:\/\/www.buergerliste-goldkronach.de\/wordpress\/wp-content\/uploads\/2020\/01\/ABL_180px_99_Pausch_von-2014.jpg\" alt=\"\" class=\"wp-image-926\"\/><\/figure>\n<\/div>\n\n\n<p class=\"has-secondary-color has-text-color\"> Jochen Pausch steht der Freiwilligen Feuerwehr Nemmersdorf als Kommandant vor und geh\u00f6rt dem Bayerischen Roten Kreuz Bad Berneck an. Der Rettungssanit\u00e4ter hat sich als Ziel f\u00fcr seine Arbeit im Rathaus gesetzt, f\u00fcr Nemmersdorf, Goldkronach und alle anderen Ortsteile gleicherma\u00dfen das Beste zu erwirken.<\/p>\n","protected":false},"excerpt":{"rendered":"<p>Bei der Kommunalwahl 2020 haben Sie uns mit 22,7% ausgestattet. Vier engagierte Stadtr\u00e4te setzen sich f\u00fcr Sie ein. Friedrich N\u00fcssel 66 Jahre, Neuroradiologe und Neurologe, Goldkronach Fraktionsvorsitzender; Jugend-, Senioren-, Hauptverwaltungs- und Ferienausschuss; Bau- und Umweltausschuss (Vertretung); Stadtrat seit 2008 Dr. Friedrich N\u00fcssel ist Vater von zwei S\u00f6hnen und widmet sich in seiner Freizeit vor allem [&hellip;]<\/p>\n","protected":false},"author":1,"featured_media":0,"parent":0,"menu_order":31,"comment_status":"closed","ping_status":"closed","template":"","meta":{"footnotes":""},"class_list":["post-318","page","type-page","status-publish","hentry"],"_links":{"self":[{"href":"https:\/\/www.buergerliste-goldkronach.de\/wordpress\/index.php?rest_route=\/wp\/v2\/pages\/318","targetHints":{"allow":["GET"]}}],"collection":[{"href":"https:\/\/www.buergerliste-goldkronach.de\/wordpress\/index.php?rest_route=\/wp\/v2\/pages"}],"about":[{"href":"https:\/\/www.buergerliste-goldkronach.de\/wordpress\/index.php?rest_route=\/wp\/v2\/types\/page"}],"author":[{"embeddable":true,"href":"https:\/\/www.buergerliste-goldkronach.de\/wordpress\/index.php?rest_route=\/wp\/v2\/users\/1"}],"replies":[{"embeddable":true,"href":"https:\/\/www.buergerliste-goldkronach.de\/wordpress\/index.php?rest_route=%2Fwp%2Fv2%2Fcomments&post=318"}],"version-history":[{"count":17,"href":"https:\/\/www.buergerliste-goldkronach.de\/wordpress\/index.php?rest_route=\/wp\/v2\/pages\/318\/revisions"}],"predecessor-version":[{"id":1258,"href":"https:\/\/www.buergerliste-goldkronach.de\/wordpress\/index.php?rest_route=\/wp\/v2\/pages\/318\/revisions\/1258"}],"wp:attachment":[{"href":"https:\/\/www.buergerliste-goldkronach.de\/wordpress\/index.php?rest_route=%2Fwp%2Fv2%2Fmedia&parent=318"}],"curies":[{"name":"wp","href":"https:\/\/api.w.org\/{rel}","templated":true}]}}