{"id":11,"date":"2008-03-30T16:51:50","date_gmt":"2008-03-30T15:51:50","guid":{"rendered":"http:\/\/www.buergerliste-goldkronach.de\/wordpress\/?page_id=11"},"modified":"2020-02-07T23:23:36","modified_gmt":"2020-02-07T22:23:36","slug":"mitmachen","status":"publish","type":"page","link":"https:\/\/www.buergerliste-goldkronach.de\/wordpress\/?page_id=11","title":{"rendered":"Mitmachen"},"content":{"rendered":"<p style=\"text-align: left;\" align=\"justify\">Wir laden Sie ein, sich zu informieren und zu engagieren. Transparenz und direkte Mitbestimmung sind uns wichtig.<\/p>\n<h3 style=\"text-align: left;\" align=\"justify\">Bringen Sie ihre Ideen ein<\/h3>\n<p style=\"text-align: left;\" align=\"justify\">Wir treffen uns monatlich am Montag vor den Stadtratssitzungen. Unsere Stadtr\u00e4te informieren \u00fcber Aktuelles und Wissenswertes aus ihrer Arbeit im Rathaus.<\/p>\n<h3 style=\"text-align: left;\" align=\"justify\">Offener Stammtisch<\/h3>\n<p style=\"text-align: left;\" align=\"justify\">Dieses Treffen mit unseren Stadtr\u00e4ten ist keine Fraktionssitzung. Alle\u00a0 Interessierten sind dazu eingeladen. Sie haben die M\u00f6glichkeit, sich direkt an unsere Stadtr\u00e4te zu wenden \u2013 Sie haben uns schlie\u00dflich gew\u00e4hlt. Kommen Sie einfach vorbei, wir freuen uns auf Sie und Ihre Ideen!<\/p>\n<h3 style=\"text-align: left;\" align=\"justify\">Wann und wo<\/h3>\n<p style=\"text-align: left;\" align=\"justify\">Den aktuellen Termin erfahren Sie hier auf unserer Homepage, auf <a href=\"https:\/\/www.facebook.com\/buergerliste.goldkronach\/\" target=\"_blank\" rel=\"noopener noreferrer\">Facebook<\/a>, als Aushang am Goldkronacher Marktplatz \u2013 und seit Kurzem sind wir auch auf <a href=\"https:\/\/www.instagram.com\/buergerlistegoldkronach\/\" target=\"_blank\" rel=\"noopener noreferrer\">Instagram<\/a>.<\/p>\n","protected":false},"excerpt":{"rendered":"<p>Wir laden Sie ein, sich zu informieren und zu engagieren. Transparenz und direkte Mitbestimmung sind uns wichtig. Bringen Sie ihre Ideen ein Wir treffen uns monatlich am Montag vor den Stadtratssitzungen. Unsere Stadtr\u00e4te informieren \u00fcber Aktuelles und Wissenswertes aus ihrer Arbeit im Rathaus. Offener Stammtisch Dieses Treffen mit unseren Stadtr\u00e4ten ist keine Fraktionssitzung. Alle\u00a0 Interessierten [&hellip;]<\/p>\n","protected":false},"author":1,"featured_media":0,"parent":0,"menu_order":40,"comment_status":"closed","ping_status":"closed","template":"","meta":{"footnotes":""},"class_list":["post-11","page","type-page","status-publish","hentry"],"_links":{"self":[{"href":"https:\/\/www.buergerliste-goldkronach.de\/wordpress\/index.php?rest_route=\/wp\/v2\/pages\/11","targetHints":{"allow":["GET"]}}],"collection":[{"href":"https:\/\/www.buergerliste-goldkronach.de\/wordpress\/index.php?rest_route=\/wp\/v2\/pages"}],"about":[{"href":"https:\/\/www.buergerliste-goldkronach.de\/wordpress\/index.php?rest_route=\/wp\/v2\/types\/page"}],"author":[{"embeddable":true,"href":"https:\/\/www.buergerliste-goldkronach.de\/wordpress\/index.php?rest_route=\/wp\/v2\/users\/1"}],"replies":[{"embeddable":true,"href":"https:\/\/www.buergerliste-goldkronach.de\/wordpress\/index.php?rest_route=%2Fwp%2Fv2%2Fcomments&post=11"}],"version-history":[{"count":4,"href":"https:\/\/www.buergerliste-goldkronach.de\/wordpress\/index.php?rest_route=\/wp\/v2\/pages\/11\/revisions"}],"predecessor-version":[{"id":1093,"href":"https:\/\/www.buergerliste-goldkronach.de\/wordpress\/index.php?rest_route=\/wp\/v2\/pages\/11\/revisions\/1093"}],"wp:attachment":[{"href":"https:\/\/www.buergerliste-goldkronach.de\/wordpress\/index.php?rest_route=%2Fwp%2Fv2%2Fmedia&parent=11"}],"curies":[{"name":"wp","href":"https:\/\/api.w.org\/{rel}","templated":true}]}}