{"id":1000,"date":"2020-01-25T12:56:20","date_gmt":"2020-01-25T11:56:20","guid":{"rendered":"http:\/\/www.buergerliste-goldkronach.de\/wordpress\/?page_id=1000"},"modified":"2026-02-21T11:33:55","modified_gmt":"2026-02-21T10:33:55","slug":"kandidaten-der-abl-2","status":"publish","type":"page","link":"https:\/\/www.buergerliste-goldkronach.de\/wordpress\/?page_id=1000","title":{"rendered":"Kandidaten der ABL"},"content":{"rendered":"\n<h6 class=\"wp-block-heading has-text-align-center\">Auf dem Stimmzettel finden Sie uns unter Wahlvorschlag Nr. 11!<\/h6>\n\n\n\n<p>Klarer Fokus und mit beiden Beinen mitten im Leben: Die Kandidatinnen und Kandidaten der ABL wollen eine handlungsf\u00e4hige Gemeinde, die ihre Kernaufgaben erf\u00fcllt und die richtigen Priorit\u00e4ten setzt. Dazu geh\u00f6ren insbesondere die Wasserversorgung und eine verantwortungsbewusste Haushaltsf\u00fchrung. F\u00fcr ihre Heimatstadt Goldkronach bitten sie am 8. M\u00e4rz 2026 um Ihre Stimme!<\/p>\n\n\n\n<h4 class=\"wp-block-heading has-text-align-center\">1. Wieland Zeitler<\/h4>\n\n\n<div class=\"wp-block-image\">\n<figure class=\"aligncenter size-full\"><img loading=\"lazy\" decoding=\"async\" width=\"180\" height=\"240\" src=\"https:\/\/www.buergerliste-goldkronach.de\/wordpress\/wp-content\/uploads\/2026\/02\/web_ABL_01_Zeitler.jpg\" alt=\"\" class=\"wp-image-1325\"\/><\/figure>\n<\/div>\n\n\n<p class=\"has-text-align-center\"><em>Kaufmann, 65, Brandholz<\/em><\/p>\n\n\n\n<p>Der ehemalige Gesch\u00e4ftsf\u00fchrer im K\u00fcchen-Fachhandel war lange im Feuerwehr-Vorstand. Er will Bewegung in stockende Projekte bringen, vor allem das Renovieren der Wasserh\u00e4user und den Ausbau der Hirschhornstra\u00dfe.<\/p>\n\n\n\n<h4 class=\"wp-block-heading has-text-align-center\">2. Stefanie Hirschmann<\/h4>\n\n\n<div class=\"wp-block-image\">\n<figure class=\"aligncenter size-full\"><img loading=\"lazy\" decoding=\"async\" width=\"180\" height=\"240\" src=\"https:\/\/www.buergerliste-goldkronach.de\/wordpress\/wp-content\/uploads\/2026\/02\/web_ABL_02_Hirschmann.jpg\" alt=\"\" class=\"wp-image-1326\"\/><\/figure>\n<\/div>\n\n\n<p class=\"has-text-align-center\"><em>Verwaltungsangestellte, 39, Goldberg<\/em><\/p>\n\n\n\n<p>Gutes Zusammenleben f\u00fcr junge und \u00e4ltere B\u00fcrger und Gestaltungsm\u00f6glichkeiten f\u00fcr alle \u2013 das ist Stefanie Hirschmann wichtig. Als Hospizbegleiterin und im Elternbeirat setzt sie sich daf\u00fcr bereits aktiv ein.<\/p>\n\n\n\n<h4 class=\"wp-block-heading has-text-align-center\">3. Sebastian Foitzik<\/h4>\n\n\n<div class=\"wp-block-image\">\n<figure class=\"aligncenter size-full\"><img loading=\"lazy\" decoding=\"async\" width=\"180\" height=\"240\" src=\"https:\/\/www.buergerliste-goldkronach.de\/wordpress\/wp-content\/uploads\/2026\/02\/web_ABL_03_Foitzik.jpg\" alt=\"\" class=\"wp-image-1327\"\/><\/figure>\n<\/div>\n\n\n<p class=\"has-text-align-center\"><em>Key Account Manager, 48, Brandholz<\/em><\/p>\n\n\n\n<p>Der Hobbyg\u00e4rtner und passive Feuerwehrmann Sebastian Foitzik m\u00f6chte sich gerne daf\u00fcr einsetzen, dass alle Stimmen in Goldkronach geh\u00f6rt werden \u2013 auch die der \u00e4lteren Stadtbewohner.<\/p>\n\n\n\n<h4 class=\"wp-block-heading has-text-align-center\">4. Karl Taubenreuther<\/h4>\n\n\n<div class=\"wp-block-image\">\n<figure class=\"aligncenter size-full\"><img loading=\"lazy\" decoding=\"async\" width=\"180\" height=\"240\" src=\"https:\/\/www.buergerliste-goldkronach.de\/wordpress\/wp-content\/uploads\/2026\/02\/web_ABL_04_Taubenreuther.jpg\" alt=\"\" class=\"wp-image-1328\"\/><\/figure>\n<\/div>\n\n\n<p class=\"has-text-align-center\"><em>Drucker, 63, Goldberg<\/em><\/p>\n\n\n\n<p>Karl Taubenreuther will sich f\u00fcr intakte Infrastruktur einsetzen: Stra\u00dfen in den Au\u00dfenbereichen m\u00fcssen saniert werden. Die Wasserversorgung muss auch ohne die Benker Gruppe gew\u00e4hrleistet sein!<\/p>\n\n\n\n<h4 class=\"wp-block-heading has-text-align-center\">5. Heike Jablonsky<\/h4>\n\n\n<div class=\"wp-block-image\">\n<figure class=\"aligncenter size-full\"><img loading=\"lazy\" decoding=\"async\" width=\"180\" height=\"240\" src=\"https:\/\/www.buergerliste-goldkronach.de\/wordpress\/wp-content\/uploads\/2026\/02\/web_ABL_05_Jablonsky.jpg\" alt=\"\" class=\"wp-image-1329\"\/><\/figure>\n<\/div>\n\n\n<p class=\"has-text-align-center\"><em>Rentnerin, 66, Goldberg<\/em><\/p>\n\n\n\n<p>Heike Jablonsky war lange als lngenieurin t\u00e4tig und ist Mitglied der SpVgg Goldkronach. Sie fordert Transparenz bei politischen Entscheidungen ein und m\u00f6chte die Brandholzer Trinkwasserversorgung erhalten.<\/p>\n\n\n\n<h4 class=\"wp-block-heading has-text-align-center\">6. Richard Dietel<\/h4>\n\n\n<div class=\"wp-block-image\">\n<figure class=\"aligncenter size-full\"><img loading=\"lazy\" decoding=\"async\" width=\"180\" height=\"240\" src=\"https:\/\/www.buergerliste-goldkronach.de\/wordpress\/wp-content\/uploads\/2026\/02\/web_ABL_06_Dietel.jpg\" alt=\"\" class=\"wp-image-1330\"\/><\/figure>\n<\/div>\n\n\n<p class=\"has-text-align-center\"><em>Rentner, 73, Brandholz<\/em><\/p>\n\n\n\n<p>Seit Jahren setzt sich Richard Dietel (verheiratet, ein Sohn) f\u00fcr seinen Heimatort Brandholz ein: Leidenschaftlich nimmt er sich wichtiger Themen wie der Wasserversorgung an und tr\u00e4gt sie durch UBL und ABL ins Rathaus.<\/p>\n\n\n\n<h4 class=\"wp-block-heading has-text-align-center\">7. Tina Sack<\/h4>\n\n\n<div class=\"wp-block-image\">\n<figure class=\"aligncenter size-full\"><img loading=\"lazy\" decoding=\"async\" width=\"180\" height=\"240\" src=\"https:\/\/www.buergerliste-goldkronach.de\/wordpress\/wp-content\/uploads\/2026\/02\/web_ABL_07_Sack.jpg\" alt=\"\" class=\"wp-image-1331\"\/><\/figure>\n<\/div>\n\n\n<p class=\"has-text-align-center\"><em>Rechtsanwaltsfachangestellte, 46, Brandholz<\/em><\/p>\n\n\n\n<p>Tina Sack w\u00fcnscht sich mehr Transparenz: B\u00fcrgerinnen und B\u00fcrger sollen mitreden und mitentscheiden! Als ehemalige Elternbeiratsvorsitzende der Goldkronacher Schule kennt sie die Anliegen junger Familien.<\/p>\n\n\n\n<h4 class=\"wp-block-heading has-text-align-center\">8. Bastian D\u00f6bl<\/h4>\n\n\n<div class=\"wp-block-image\">\n<figure class=\"aligncenter size-full\"><img loading=\"lazy\" decoding=\"async\" width=\"180\" height=\"240\" src=\"https:\/\/www.buergerliste-goldkronach.de\/wordpress\/wp-content\/uploads\/2026\/02\/web_ABL_08_Doebl.jpg\" alt=\"\" class=\"wp-image-1332\"\/><\/figure>\n<\/div>\n\n\n<p class=\"has-text-align-center\"><em>Produktionsplaner, 35, Brandholz<\/em><\/p>\n\n\n\n<p>Bastian D\u00f6bl engagiert sich ehrenamtlich als aktiver Feuerwehrmann. Der junge Familienvater w\u00fcnscht sich, dass die Belange der Ortsteile wahrgenommen und ber\u00fccksichtigt werden.<\/p>\n\n\n\n<h4 class=\"wp-block-heading has-text-align-center\">9. Werner Weigt<\/h4>\n\n\n<div class=\"wp-block-image\">\n<figure class=\"aligncenter size-full\"><img loading=\"lazy\" decoding=\"async\" width=\"180\" height=\"240\" src=\"https:\/\/www.buergerliste-goldkronach.de\/wordpress\/wp-content\/uploads\/2026\/02\/web_ABL_09_Weigt.jpg\" alt=\"\" class=\"wp-image-1333\"\/><\/figure>\n<\/div>\n\n\n<p class=\"has-text-align-center\"><em>Berufskraftfahrer, 58, Brandholz<\/em><\/p>\n\n\n\n<p>Keine Verschwendung \u00f6ffentlicher Mittel: Das ist Werner Weigt wichtig. Insbesondere die Stra\u00dfensanierung kann aus seiner Sicht besser werden: Sachgem\u00e4\u00df planen, sauber ausf\u00fchren \u2013 in allen Ortsteilen!<\/p>\n\n\n\n<h4 class=\"wp-block-heading has-text-align-center\">10. Carsten Erdmann<\/h4>\n\n\n<div class=\"wp-block-image\">\n<figure class=\"aligncenter size-full\"><img loading=\"lazy\" decoding=\"async\" width=\"180\" height=\"240\" src=\"https:\/\/www.buergerliste-goldkronach.de\/wordpress\/wp-content\/uploads\/2026\/02\/web_ABL_10_Erdmann.jpg\" alt=\"\" class=\"wp-image-1334\"\/><\/figure>\n<\/div>\n\n\n<p class=\"has-text-align-center\"><em>IT-Administrator, 37, Brandholz<\/em><\/p>\n\n\n\n<p>Carsten Erdmann liegt viel an einem guten Miteinander: Im Ort sollen sich alle wohlf\u00fchlen. Zu einer zukunftsf\u00e4higen Gemeinde mit attraktiven Orten geh\u00f6rt f\u00fcr ihn eine bessere Vernetzung der Teilorte mit der Kernstadt.<\/p>\n\n\n\n<h4 class=\"wp-block-heading has-text-align-center\">11. Stephan Lehmann<\/h4>\n\n\n<div class=\"wp-block-image\">\n<figure class=\"aligncenter size-full\"><img loading=\"lazy\" decoding=\"async\" width=\"180\" height=\"240\" src=\"https:\/\/www.buergerliste-goldkronach.de\/wordpress\/wp-content\/uploads\/2026\/02\/web_ABL_11_Lehmann.jpg\" alt=\"\" class=\"wp-image-1335\"\/><\/figure>\n<\/div>\n\n\n<p class=\"has-text-align-center\"><em>Lokf\u00fchrer, 36, Brandholz<\/em><\/p>\n\n\n\n<p>Stephan Lehmann wohnt gerne in Brandholz, er ist in vielen Vereinen aktiv und sch\u00e4tzt das gute Zusammenleben. Aber die Kommunalpolitik muss die wichtigen Themen anpacken: Zuerst das Wasser und die Stra\u00dfensanierung!<\/p>\n\n\n\n<h4 class=\"wp-block-heading has-text-align-center\">12. Thomas Schliwa<\/h4>\n\n\n<div class=\"wp-block-image\">\n<figure class=\"aligncenter size-full\"><img loading=\"lazy\" decoding=\"async\" width=\"180\" height=\"240\" src=\"https:\/\/www.buergerliste-goldkronach.de\/wordpress\/wp-content\/uploads\/2026\/02\/web_ABL_12_Schliwa.jpg\" alt=\"\" class=\"wp-image-1336\"\/><\/figure>\n<\/div>\n\n\n<p class=\"has-text-align-center\"><em>Zimmermann, 45, Brandholz<\/em><\/p>\n\n\n\n<p>F\u00fcr Thomas Schliwa ist klar: Die Stra\u00dfensch\u00e4den durch den Holztransport auf dem Goldberg m\u00fcssen schnell behoben werden. Und das Rathaus muss alles tun, um den Schulstandort zu st\u00e4rken!<\/p>\n\n\n\n<h4 class=\"wp-block-heading has-text-align-center\">13. Hans Werner Sack<\/h4>\n\n\n<div class=\"wp-block-image\">\n<figure class=\"aligncenter size-full\"><img loading=\"lazy\" decoding=\"async\" width=\"180\" height=\"240\" src=\"https:\/\/www.buergerliste-goldkronach.de\/wordpress\/wp-content\/uploads\/2026\/02\/web_ABL_13_Sack.jpg\" alt=\"\" class=\"wp-image-1337\"\/><\/figure>\n<\/div>\n\n\n<p class=\"has-text-align-center\"><em>Rentner, 69, Brandholz<\/em><\/p>\n\n\n\n<p>Viele Jahre hat sich Hans Werner Sack als aktiver Feuerwehrmann eingebracht. Aus seiner Sicht muss sich das Rathaus vor allem um den Zustand der Wege und die Wasserversorgung k\u00fcmmern.<\/p>\n\n\n\n<h4 class=\"wp-block-heading has-text-align-center\">14. Bernd Zeitler<\/h4>\n\n\n<div class=\"wp-block-image\">\n<figure class=\"aligncenter size-full\"><img loading=\"lazy\" decoding=\"async\" width=\"180\" height=\"240\" src=\"https:\/\/www.buergerliste-goldkronach.de\/wordpress\/wp-content\/uploads\/2026\/02\/web_ABL_14_Zeitler.jpg\" alt=\"\" class=\"wp-image-1338\"\/><\/figure>\n<\/div>\n\n\n<p class=\"has-text-align-center\"><em>Beamter, 64, Brandholz<\/em><\/p>\n\n\n\n<p>Transparenz muss sein: Deshalb setzt sich Bernd Zeitler daf\u00fcr ein, aktuell und offen \u00fcber Probleme zu informieren. Auch die Darstellung in den st\u00e4dtischen Medien, etwa im Amtsblatt, soll ehrlich und transparent sein!<\/p>\n\n\n\n<h4 class=\"wp-block-heading has-text-align-center\">15. Manfred Tr\u00f6ger<\/h4>\n\n\n<div class=\"wp-block-image\">\n<figure class=\"aligncenter size-full\"><img loading=\"lazy\" decoding=\"async\" width=\"180\" height=\"240\" src=\"https:\/\/www.buergerliste-goldkronach.de\/wordpress\/wp-content\/uploads\/2026\/02\/web_ABL_15_Troeger.jpg\" alt=\"\" class=\"wp-image-1339\"\/><\/figure>\n<\/div>\n\n\n<p class=\"has-text-align-center\"><em>Rentner, 63, Brandholz<\/em><\/p>\n\n\n\n<p>Manfred Tr\u00f6ger hat als Trockenbauer angepackt \u2013 und er tut das auch f\u00fcr seinen Heimatort Brandholz. Der langj\u00e4hrige Vorsitzende des Kleintierzuchtvereins m\u00f6chte vor allem die Wasserversorgung erhalten.<\/p>\n\n\n\n<h4 class=\"wp-block-heading has-text-align-center\">16. Friedrich Hirschmann<\/h4>\n\n\n<div class=\"wp-block-image\">\n<figure class=\"aligncenter size-full\"><img loading=\"lazy\" decoding=\"async\" width=\"180\" height=\"240\" src=\"https:\/\/www.buergerliste-goldkronach.de\/wordpress\/wp-content\/uploads\/2026\/02\/web_ABL_16_Hirschmann.jpg\" alt=\"\" class=\"wp-image-1340\"\/><\/figure>\n<\/div>\n\n\n<p class=\"has-text-align-center\"><em>Rentner, 62, Goldkronach<\/em><\/p>\n\n\n\n<p>Fritz Hirschmann ist im Goldkronacher Vereinsleben fest verwurzelt. Er engagierte sich in der Feuerwehr, bei den Keglern und zuletzt vor allem bei der SpVgg. Der Flickenteppich bei vielen Stra\u00dfen \u00e4rgert ihn seit Jahren.<\/p>\n\n\n\n<h4 class=\"wp-block-heading has-text-align-center\">Nachr\u00fccker<\/h4>\n\n\n\n<p class=\"has-text-align-left\">Als Nachr\u00fccker unterst\u00fctzt Holger Bergmann, Sickenreuth, unsere Liste.<\/p>\n","protected":false},"excerpt":{"rendered":"<p>Auf dem Stimmzettel finden Sie uns unter Wahlvorschlag Nr. 11! Klarer Fokus und mit beiden Beinen mitten im Leben: Die Kandidatinnen und Kandidaten der ABL wollen eine handlungsf\u00e4hige Gemeinde, die ihre Kernaufgaben erf\u00fcllt und die richtigen Priorit\u00e4ten setzt. Dazu geh\u00f6ren insbesondere die Wasserversorgung und eine verantwortungsbewusste Haushaltsf\u00fchrung. F\u00fcr ihre Heimatstadt Goldkronach bitten sie am 8. [&hellip;]<\/p>\n","protected":false},"author":1,"featured_media":0,"parent":0,"menu_order":0,"comment_status":"closed","ping_status":"closed","template":"","meta":{"footnotes":""},"class_list":["post-1000","page","type-page","status-publish","hentry"],"_links":{"self":[{"href":"https:\/\/www.buergerliste-goldkronach.de\/wordpress\/index.php?rest_route=\/wp\/v2\/pages\/1000","targetHints":{"allow":["GET"]}}],"collection":[{"href":"https:\/\/www.buergerliste-goldkronach.de\/wordpress\/index.php?rest_route=\/wp\/v2\/pages"}],"about":[{"href":"https:\/\/www.buergerliste-goldkronach.de\/wordpress\/index.php?rest_route=\/wp\/v2\/types\/page"}],"author":[{"embeddable":true,"href":"https:\/\/www.buergerliste-goldkronach.de\/wordpress\/index.php?rest_route=\/wp\/v2\/users\/1"}],"replies":[{"embeddable":true,"href":"https:\/\/www.buergerliste-goldkronach.de\/wordpress\/index.php?rest_route=%2Fwp%2Fv2%2Fcomments&post=1000"}],"version-history":[{"count":14,"href":"https:\/\/www.buergerliste-goldkronach.de\/wordpress\/index.php?rest_route=\/wp\/v2\/pages\/1000\/revisions"}],"predecessor-version":[{"id":1400,"href":"https:\/\/www.buergerliste-goldkronach.de\/wordpress\/index.php?rest_route=\/wp\/v2\/pages\/1000\/revisions\/1400"}],"wp:attachment":[{"href":"https:\/\/www.buergerliste-goldkronach.de\/wordpress\/index.php?rest_route=%2Fwp%2Fv2%2Fmedia&parent=1000"}],"curies":[{"name":"wp","href":"https:\/\/api.w.org\/{rel}","templated":true}]}}