{"id":10,"date":"2008-03-30T16:10:11","date_gmt":"2008-03-30T15:10:11","guid":{"rendered":"http:\/\/www.buergerliste-goldkronach.de\/wordpress\/?page_id=10"},"modified":"2020-01-04T19:26:48","modified_gmt":"2020-01-04T18:26:48","slug":"uber-uns","status":"publish","type":"page","link":"https:\/\/www.buergerliste-goldkronach.de\/wordpress\/?page_id=10","title":{"rendered":"Grunds\u00e4tze"},"content":{"rendered":"<p>F\u00fcnf klare Worte, die zeigen, wof\u00fcr wir stehen.<\/p>\n<h3 style=\"text-align: left;\"><strong>\u00fcberparteilich<\/strong><\/h3>\n<p style=\"text-align: left;\">Na klar \u2013 ohne Parteien geht es nicht in der gro\u00dfen Politik. Wir glauben aber, dass unserem Rathaus frisches Denken besser bekommt als Parteipolitik. Selbst die <em>Freien W\u00e4hler<\/em> sitzen im Landtag, treten f\u00fcr den Bundestag und das EU-Parlament an. Wir glauben aber, dass engagierte B\u00fcrgerinnen und B\u00fcrger am besten Kommunalpolitik machen k\u00f6nnen \u2013 ohne Parteien. Zum Wohl der ganzen Gemeinde.<\/p>\n<h3 style=\"text-align: left;\"><strong>offen<\/strong><\/h3>\n<p style=\"text-align: left;\">Wir sind offen \u2013 f\u00fcr Jung und Alt, f\u00fcr alle sozialen Gruppen, f\u00fcr neue Ideen. Offenheit bedeutet auch Transparenz: B\u00fcrgerinnen und B\u00fcrger werden informiert \u00fcber das, was im Rathaus passiert. Uns ist wichtig, dass sie mitreden und mitentscheiden d\u00fcrfen.<\/p>\n<h3>engagiert<\/h3>\n<p style=\"text-align: left;\">Nur vor den Wahlen kurz auftauchen? Nicht unser Ding. Wir versuchen, uns \u00fcber die volle Distanz einer Legislaturperiode einzubringen. Und das betrifft nicht nur unsere Stadtr\u00e4te. Seit 2008 haben wir veranstaltet, diskutiert, informiert, organisiert.<\/p>\n<h3>vielf\u00e4ltig<\/h3>\n<p style=\"text-align: left;\">3500 Einwohner haben viele verschiedene Anliegen. Unsere Kandidatinnen und Kandidaten stehen mitten im Leben. Sie sind jung oder alt, in der Ausbildung, im Berufsleben oder Rentner. Sie engagieren sich im Sportverein, in sozialen Verb\u00e4nden, in der Jugendarbeit, bei der Feuerwehr. Diese Vielfalt sch\u00e4tzen wir, denn aus ihr beziehen wir unsere Ideen f\u00fcr ein gutes Miteinander. Wir m\u00f6chten, dass Goldkronach vielf\u00e4ltig bleibt \u2013 und noch mehr M\u00f6glichkeiten bietet.<\/p>\n<h3>gemeinsam<\/h3>\n<p style=\"text-align: left;\">Wir m\u00f6chten, dass unsere politische Gemeinde wirklich zusammenw\u00e4chst. Dass sich junge und alte Menschen aus allen Ortsteilen mit ihr identifizieren k\u00f6nnen. Uns sind die Vereine wichtig, weil sie f\u00fcr Jugendarbeit und Identit\u00e4t stehen. Wir wollen das Gemeinsame herausstellen. Wir wollen mit den Kirchen zusammenarbeiten. Wir wollen, dass es allen in Goldkronach gut geht.<\/p>\n\n\n<p><\/p>\n","protected":false},"excerpt":{"rendered":"<p>F\u00fcnf klare Worte, die zeigen, wof\u00fcr wir stehen. \u00fcberparteilich Na klar \u2013 ohne Parteien geht es nicht in der gro\u00dfen Politik. Wir glauben aber, dass unserem Rathaus frisches Denken besser bekommt als Parteipolitik. Selbst die Freien W\u00e4hler sitzen im Landtag, treten f\u00fcr den Bundestag und das EU-Parlament an. Wir glauben aber, dass engagierte B\u00fcrgerinnen und [&hellip;]<\/p>\n","protected":false},"author":1,"featured_media":0,"parent":0,"menu_order":1,"comment_status":"closed","ping_status":"closed","template":"","meta":{"footnotes":""},"class_list":["post-10","page","type-page","status-publish","hentry"],"_links":{"self":[{"href":"https:\/\/www.buergerliste-goldkronach.de\/wordpress\/index.php?rest_route=\/wp\/v2\/pages\/10","targetHints":{"allow":["GET"]}}],"collection":[{"href":"https:\/\/www.buergerliste-goldkronach.de\/wordpress\/index.php?rest_route=\/wp\/v2\/pages"}],"about":[{"href":"https:\/\/www.buergerliste-goldkronach.de\/wordpress\/index.php?rest_route=\/wp\/v2\/types\/page"}],"author":[{"embeddable":true,"href":"https:\/\/www.buergerliste-goldkronach.de\/wordpress\/index.php?rest_route=\/wp\/v2\/users\/1"}],"replies":[{"embeddable":true,"href":"https:\/\/www.buergerliste-goldkronach.de\/wordpress\/index.php?rest_route=%2Fwp%2Fv2%2Fcomments&post=10"}],"version-history":[{"count":2,"href":"https:\/\/www.buergerliste-goldkronach.de\/wordpress\/index.php?rest_route=\/wp\/v2\/pages\/10\/revisions"}],"predecessor-version":[{"id":869,"href":"https:\/\/www.buergerliste-goldkronach.de\/wordpress\/index.php?rest_route=\/wp\/v2\/pages\/10\/revisions\/869"}],"wp:attachment":[{"href":"https:\/\/www.buergerliste-goldkronach.de\/wordpress\/index.php?rest_route=%2Fwp%2Fv2%2Fmedia&parent=10"}],"curies":[{"name":"wp","href":"https:\/\/api.w.org\/{rel}","templated":true}]}}